{"id":9,"date":"2025-11-02T10:10:33","date_gmt":"2025-11-02T10:10:33","guid":{"rendered":"https:\/\/videnteszaragoza.com\/?page_id=9"},"modified":"2025-11-14T23:23:52","modified_gmt":"2025-11-14T23:23:52","slug":"clara-de-las-runas","status":"publish","type":"page","link":"https:\/\/videnteszaragoza.com\/","title":{"rendered":"Clara de las Runas"},"content":{"rendered":"\t\t<div data-elementor-type=\"wp-page\" data-elementor-id=\"9\" class=\"elementor elementor-9\" data-elementor-post-type=\"page\">\n\t\t\t\t<div class=\"elementor-element elementor-element-140fc98 e-flex e-con-boxed e-con e-parent\" data-id=\"140fc98\" data-element_type=\"container\">\n\t\t\t\t\t<div class=\"e-con-inner\">\n\t\t\t\t<div class=\"elementor-element elementor-element-5a24199 elementor-widget elementor-widget-heading\" data-id=\"5a24199\" data-element_type=\"widget\" data-widget_type=\"heading.default\">\n\t\t\t\t\t<h1 class=\"elementor-heading-title elementor-size-default\">Clara de las Runas<\/h1>\t\t\t\t<\/div>\n\t\t\t\t<div class=\"elementor-element elementor-element-b792f05 elementor-widget elementor-widget-heading\" data-id=\"b792f05\" data-element_type=\"widget\" data-widget_type=\"heading.default\">\n\t\t\t\t\t<h2 class=\"elementor-heading-title elementor-size-default\">Tarotista en Zaragoza<\/h2>\t\t\t\t<\/div>\n\t\t\t\t<div class=\"elementor-element elementor-element-74a229c elementor-widget elementor-widget-text-editor\" data-id=\"74a229c\" data-element_type=\"widget\" data-widget_type=\"text-editor.default\">\n\t\t\t\t\t\t\t\t\t<p>Soy Clara de las Runas, y mi misi\u00f3n es ayudarte a entender el momento que est\u00e1s viviendo y guiarte hacia el equilibrio que necesitas. A trav\u00e9s de mis consultas de tarot, tanto telef\u00f3nicas como presenciales, te ofrezco respuestas claras y orientaci\u00f3n espiritual real. Tambi\u00e9n realizo limpiezas energ\u00e9ticas en hogares y locales, para liberar bloqueos y restaurar la armon\u00eda en tu entorno. Cada sesi\u00f3n es un espacio de luz, creado especialmente para ti.<\/p><p>\u00a0<\/p><p>Si sientes que algo te impide avanzar, puedo acompa\u00f1arte con rituales personalizados, canalizaciones y trabajos de sanaci\u00f3n para limpiar energ\u00edas negativas, eliminar el mal de ojo o abrir tus caminos hacia nuevas oportunidades. Mi pr\u00e1ctica integra la mediumnidad, numerolog\u00eda, registros ak\u00e1shicos y meditaciones guiadas, permitiendo una transformaci\u00f3n profunda y consciente. Contacta conmigo y da el primer paso hacia la calma y la claridad que mereces.<\/p>\t\t\t\t\t\t\t\t<\/div>\n\t\t\t\t\t<\/div>\n\t\t\t\t<\/div>\n\t\t<div class=\"elementor-element elementor-element-c097512 e-flex e-con-boxed e-con e-parent\" data-id=\"c097512\" data-element_type=\"container\">\n\t\t\t\t\t<div class=\"e-con-inner\">\n\t\t\t\t<div class=\"elementor-element elementor-element-faa5929 elementor-widget elementor-widget-heading\" data-id=\"faa5929\" data-element_type=\"widget\" data-widget_type=\"heading.default\">\n\t\t\t\t\t<h2 class=\"elementor-heading-title elementor-size-default\">Sobre mis servicios<\/h2>\t\t\t\t<\/div>\n\t\t\t\t<div class=\"elementor-element elementor-element-8c79a79 elementor-widget elementor-widget-text-editor\" data-id=\"8c79a79\" data-element_type=\"widget\" data-widget_type=\"text-editor.default\">\n\t\t\t\t\t\t\t\t\t<p>Durante todo el a\u00f1o acompa\u00f1o a quienes buscan respuestas, equilibrio y crecimiento personal. Mis servicios est\u00e1n dise\u00f1ados para atenderte en el momento que m\u00e1s lo necesites, ya sea de forma presencial o a distancia. Cada consulta o trabajo espiritual se adapta a tu energ\u00eda y situaci\u00f3n, porque no existen caminos iguales ni soluciones universales.<\/p><p>\u00a0<\/p><p>Mi labor combina el tarot, la limpieza energ\u00e9tica, la mediumnidad y la sanaci\u00f3n espiritual con un enfoque cercano y consciente. Ya sea que quieras entender un bloqueo, protegerte de energ\u00edas negativas o simplemente reconectar contigo mismo, encontrar\u00e1s un espacio de confianza y transformaci\u00f3n. Siempre estoy disponible para escucharte y ofrecerte el apoyo que mereces.<\/p>\t\t\t\t\t\t\t\t<\/div>\n\t\t\t\t\t<\/div>\n\t\t\t\t<\/div>\n\t\t<div class=\"elementor-element elementor-element-36931a0 e-flex e-con-boxed e-con e-parent\" data-id=\"36931a0\" data-element_type=\"container\">\n\t\t\t\t\t<div class=\"e-con-inner\">\n\t\t\t\t<div class=\"elementor-element elementor-element-82df087 elementor-widget elementor-widget-heading\" data-id=\"82df087\" data-element_type=\"widget\" data-widget_type=\"heading.default\">\n\t\t\t\t\t<h2 class=\"elementor-heading-title elementor-size-default\">Descripci\u00f3n de servicios<\/h2>\t\t\t\t<\/div>\n\t\t\t\t<div class=\"elementor-element elementor-element-c9be5e5 elementor-widget elementor-widget-text-editor\" data-id=\"c9be5e5\" data-element_type=\"widget\" data-widget_type=\"text-editor.default\">\n\t\t\t\t\t\t\t\t\t<p>Consultas de tarot telef\u00f3nicas: Recibe una lectura clara y directa desde tu hogar. Te ayudo a comprender tu presente y tomar decisiones con mayor seguridad y calma.<\/p><p>\u00a0<\/p><p>Consultas de tarot presenciales: Ven a mi espacio en Zaragoza y vive una lectura personalizada que conecta con tu energ\u00eda y te gu\u00eda hacia el equilibrio.<\/p><p>\u00a0<\/p><p>Limpiezas energ\u00e9ticas en domicilios: Purifico tu hogar eliminando energ\u00edas densas. Recupera la armon\u00eda y el bienestar en tu entorno personal y familiar.<\/p><p>\u00a0<\/p><p>Limpiezas energ\u00e9ticas en locales: Libera tu negocio de vibraciones negativas y atrae prosperidad. Ideal para reactivar espacios con baja energ\u00eda o problemas recurrentes.<\/p><p>\u00a0<\/p><p>Rituales totalmente personalizados: Dise\u00f1ados seg\u00fan tus necesidades. Amor, protecci\u00f3n, abundancia o salud, cada ritual se crea para potenciar tu energ\u00eda \u00fanica.<\/p><p>\u00a0<\/p><p>Eliminaci\u00f3n del mal de ojo: Rompo y neutralizo influencias negativas, devolvi\u00e9ndote la paz interior y tu fuerza vital. Protecci\u00f3n efectiva y duradera.<\/p><p>\u00a0<\/p><p>Abre Caminos: Limpio bloqueos energ\u00e9ticos y mentales para atraer oportunidades, claridad y \u00e9xito en las decisiones importantes de tu vida.<\/p><p>\u00a0<\/p><p>Canalizaciones: Mensajes precisos desde planos superiores. Te transmito la orientaci\u00f3n que tus gu\u00edas espirituales desean ofrecerte en este momento.<\/p><p>\u00a0<\/p><p>Espiritismo \/ Mediumnidad: Conecto con almas y seres de luz para ofrecerte comprensi\u00f3n, consuelo y mensajes que ayudan a sanar el alma.<\/p><p>\u00a0<\/p><p>Numerolog\u00eda: Descubre tu mapa energ\u00e9tico a trav\u00e9s de los n\u00fameros. Conoce tus talentos, ciclos de vida y prop\u00f3sito personal.<\/p><p>\u00a0<\/p><p>Registros Ak\u00e1shicos: Accedo a la memoria del alma para entender experiencias pasadas, liberar bloqueos y recuperar tu poder personal.<\/p><p>\u00a0<\/p><p>Sanaci\u00f3n espiritual: Trabajo con energ\u00eda y conciencia para restaurar tu equilibrio interior, liberar emociones y fortalecer tu conexi\u00f3n con la luz.<\/p><p>\u00a0<\/p><p>Sanaci\u00f3n del alma: Proceso profundo que reconcilia heridas emocionales y espirituales, permiti\u00e9ndote avanzar con m\u00e1s paz y plenitud.<\/p><p>\u00a0<\/p><p>Meditaciones guiadas: Sesiones dise\u00f1adas para relajarte, centrarte y reconectar con tu energ\u00eda vital. Un momento de calma y renovaci\u00f3n personal.<\/p><p>\u00a0<\/p><p>\u00a0<\/p>\t\t\t\t\t\t\t\t<\/div>\n\t\t\t\t\t<\/div>\n\t\t\t\t<\/div>\n\t\t<div class=\"elementor-element elementor-element-e941e88 e-flex e-con-boxed e-con e-parent\" data-id=\"e941e88\" data-element_type=\"container\">\n\t\t\t\t\t<div class=\"e-con-inner\">\n\t\t\t\t<div class=\"elementor-element elementor-element-0534ba4 elementor-widget elementor-widget-heading\" data-id=\"0534ba4\" data-element_type=\"widget\" data-widget_type=\"heading.default\">\n\t\t\t\t\t<h2 class=\"elementor-heading-title elementor-size-default\">C\u00f3mo contactarme<\/h2>\t\t\t\t<\/div>\n\t\t\t\t<div class=\"elementor-element elementor-element-f0d1487 elementor-widget elementor-widget-text-editor\" data-id=\"f0d1487\" data-element_type=\"widget\" data-widget_type=\"text-editor.default\">\n\t\t\t\t\t\t\t\t\t<p>Si sientes que ha llegado el momento de sanar, proteger tu energ\u00eda o encontrar respuestas claras, te invito a llamarme directamente al <a href=\"tel:876219171\">876 219 171<\/a>. Atiendo durante todo el a\u00f1o en mi consulta en <a href=\"https:\/\/maps.app.goo.gl\/QQhMKoaUeo6CzUqY9\" target=\"_blank\" rel=\"noopener\">C. de Pedro Calixto Ram\u00edrez, 4, Casco Antiguo, 50001 Zaragoza<\/a>, y tambi\u00e9n realizo sesiones por tel\u00e9fono si prefieres la comodidad de tu hogar.<\/p><p>Puedes escribirme a mi correo <a href=\"mailto:clara@videnteszaragoza.com\">clara@videnteszaragoza.com<\/a> o localizarme en <a href=\"https:\/\/www.facebook.com\/ClaraDeLasRunasSpain\/\" target=\"_blank\" rel=\"noopener\">Facebook<\/a> e <a href=\"https:\/\/www.facebook.com\/ClaraDeLasRunasSpain\/\" target=\"_blank\" rel=\"noopener\">Instagram<\/a>, donde comparto mensajes, consejos y fechas disponibles. Pero si lo que necesitas es orientaci\u00f3n inmediata, una llamada es siempre la forma m\u00e1s r\u00e1pida y directa de conectar conmigo. Estoy aqu\u00ed para ayudarte a transformar tu energ\u00eda y recuperar la armon\u00eda que te pertenece.<\/p>\t\t\t\t\t\t\t\t<\/div>\n\t\t\t\t\t<\/div>\n\t\t\t\t<\/div>\n\t\t<div class=\"elementor-element elementor-element-742b67e e-flex e-con-boxed e-con e-parent\" data-id=\"742b67e\" data-element_type=\"container\">\n\t\t\t\t\t<div class=\"e-con-inner\">\n\t\t\t\t<div class=\"elementor-element elementor-element-d9f5538 elementor-widget elementor-widget-shortcode\" data-id=\"d9f5538\" data-element_type=\"widget\" data-widget_type=\"shortcode.default\">\n\t\t\t\t\t\t\t<div class=\"elementor-shortcode\"><div class=\"rank-math-contact-info show-name show-email show-person_phone show-address\"><div class=\"rank-math-contact-section rank-math-contact-name\">\t\t<h4 class=\"rank-math-name\">\n\t\t\t<a href=\"https:\/\/videnteszaragoza.com\">Clara de las Runas<\/a>\n\t\t<\/h4>\n\t\t<\/div><div class=\"rank-math-contact-section rank-math-contact-email\">\t\t<div class=\"rank-math-email\">\n\t\t\t<label>Correo electr\u00f3nico:<\/label>\n\t\t\t<a href=\"mailto:clara@videnteszaragoza.com\">clara@videnteszaragoza.com<\/a>\n\t\t<\/div>\n\t\t<\/div><div class=\"rank-math-contact-section rank-math-contact-person_phone\">\t\t\t<div class=\"rank-math-phone-numbers\">\n\t\t\t\t<label>Tel\u00e9fono:<\/label>\n\t\t\t\t<span><a href=\"tel:876 219 171\">876 219 171<\/a><\/span>\n\t\t\t<\/div>\n\t\t<\/div><div class=\"rank-math-contact-section rank-math-contact-address\">\t\t<label>Direcci\u00f3n:<\/label>\n\t\t<address><span class=\"contact-address-streetAddress\">C. de Pedro Calixto Ram\u00edrez, 4, Casco Antiguo<\/span> <span class=\"contact-address-addressLocality\">Zaragoza<\/span>, <span class=\"contact-address-addressRegion\">Zaragoza<\/span> <span class=\"contact-address-postalCode\">50001<\/span><\/address>\n\t\t<\/div><\/div><div class=\"clear\"><\/div><\/div>\n\t\t\t\t\t\t<\/div>\n\t\t\t\t<div class=\"elementor-element elementor-element-376f593 elementor-widget elementor-widget-html\" data-id=\"376f593\" data-element_type=\"widget\" data-widget_type=\"html.default\">\n\t\t\t\t\t<iframe src=\"https:\/\/www.google.com\/maps\/embed?pb=!1m18!1m12!1m3!1d7134.572641199263!2d-0.8773689235249195!3d41.65252347950683!2m3!1f0!2f0!3f0!3m2!1i1024!2i768!4f13.1!3m3!1m2!1s0xd5914f181a00965%3A0xc74bd9b11ea835ed!2sC.%20de%20Pedro%20Calixto%20Ram%C3%ADrez%2C%204%2C%20Casco%20Antiguo%2C%2050001%20Zaragoza!5e1!3m2!1ses!2ses!4v1762101701509!5m2!1ses!2ses\" width=\"600\" height=\"450\" style=\"border:0;\" allowfullscreen=\"\" loading=\"lazy\" referrerpolicy=\"no-referrer-when-downgrade\"><\/iframe>\t\t\t\t<\/div>\n\t\t\t\t\t<\/div>\n\t\t\t\t<\/div>\n\t\t\t\t<\/div>\n\t\t","protected":false},"excerpt":{"rendered":"<p>Clara de las Runas Tarotista en Zaragoza Soy Clara de las Runas, y mi misi\u00f3n es ayudarte a entender el momento que est\u00e1s viviendo y guiarte hacia el equilibrio que necesitas. A trav\u00e9s de mis consultas de tarot, tanto telef\u00f3nicas como presenciales, te ofrezco respuestas claras y orientaci\u00f3n espiritual real. Tambi\u00e9n realizo limpiezas energ\u00e9ticas en [&hellip;]<\/p>\n","protected":false},"author":2,"featured_media":0,"parent":0,"menu_order":0,"comment_status":"closed","ping_status":"closed","template":"elementor_canvas","meta":{"footnotes":""},"class_list":["post-9","page","type-page","status-publish","hentry"],"_links":{"self":[{"href":"https:\/\/videnteszaragoza.com\/index.php\/wp-json\/wp\/v2\/pages\/9","targetHints":{"allow":["GET"]}}],"collection":[{"href":"https:\/\/videnteszaragoza.com\/index.php\/wp-json\/wp\/v2\/pages"}],"about":[{"href":"https:\/\/videnteszaragoza.com\/index.php\/wp-json\/wp\/v2\/types\/page"}],"author":[{"embeddable":true,"href":"https:\/\/videnteszaragoza.com\/index.php\/wp-json\/wp\/v2\/users\/2"}],"replies":[{"embeddable":true,"href":"https:\/\/videnteszaragoza.com\/index.php\/wp-json\/wp\/v2\/comments?post=9"}],"version-history":[{"count":16,"href":"https:\/\/videnteszaragoza.com\/index.php\/wp-json\/wp\/v2\/pages\/9\/revisions"}],"predecessor-version":[{"id":31,"href":"https:\/\/videnteszaragoza.com\/index.php\/wp-json\/wp\/v2\/pages\/9\/revisions\/31"}],"wp:attachment":[{"href":"https:\/\/videnteszaragoza.com\/index.php\/wp-json\/wp\/v2\/media?parent=9"}],"curies":[{"name":"wp","href":"https:\/\/api.w.org\/{rel}","templated":true}]}}